{"id":51,"date":"2023-05-12T15:24:41","date_gmt":"2023-05-12T15:24:41","guid":{"rendered":"https:\/\/mainhacrs.com\/?page_id=51"},"modified":"2025-11-14T20:16:24","modified_gmt":"2025-11-15T03:16:24","slug":"lien-he","status":"publish","type":"page","link":"https:\/\/mainhacrs.com\/index.php\/lien-he\/","title":{"rendered":"Li\u00ean h\u1ec7"},"content":{"rendered":"<p><iframe src=\"https:\/\/www.google.com\/maps\/embed?pb=!1m18!1m12!1m3!1d3919.310766501293!2d106.60035227392541!3d10.787493389361941!2m3!1f0!2f0!3f0!3m2!1i1024!2i768!4f13.1!3m3!1m2!1s0x31752c730b9b51b1%3A0xc964d003f1f3e72f!2zMTUvMjIgxJAuIEzDtCBUxrAsIELDrG5oIEjGsG5nIEhvw6AgQSwgQsOsbmggVMOibiwgSOG7kyBDaMOtIE1pbmgsIFZp4buHdCBOYW0!5e0!3m2!1svi!2s!4v1722605808772!5m2!1svi!2s\" width=\"600\" height=\"450\" style=\"border:0;\" allowfullscreen=\"\" loading=\"lazy\" referrerpolicy=\"no-referrer-when-downgrade\"><\/iframe><\/p>\n\n\n\n<p class=\"has-luminous-vivid-orange-color has-text-color has-link-color wp-elements-763e083da5ba7162b4cc2b209926cd7e\"><strong>\u0110\u1ecba Ch\u1ec9: 15\/22 L\u00f4 T\u01b0, B\u00ecnh H\u01b0ng H\u00f2a A, B\u00ecnh T\u00e2n, H\u1ed3 Ch\u00ed Minh.<\/strong><\/p>\n\n\n\n<p class=\"has-luminous-vivid-orange-color has-text-color has-link-color wp-elements-e1c74aa2091ddda81ceffcc256a7fa8a\"><strong>S\u0110T: 0901525679<\/strong><\/p>\n\n\n\n<p class=\"has-luminous-vivid-orange-color has-text-color has-link-color wp-elements-3300e8989df168ab2abb9cb454dbb472\"><strong>Hotline: 0988944997<\/strong><\/p>\n\n\n\n<p class=\"has-luminous-vivid-orange-color has-text-color has-link-color wp-elements-a729df62d21c6a9fe96f8cdd4e5b8b8c\"><strong>Email: info@mainhacrs.com<\/strong><\/p>\n","protected":false},"excerpt":{"rendered":"<p>\u0110\u1ecba Ch\u1ec9: 15\/22 L\u00f4 T\u01b0, B\u00ecnh H\u01b0ng H\u00f2a A, B\u00ecnh T\u00e2n, H\u1ed3 Ch\u00ed Minh. S\u0110T:&#8230;<\/p>\n","protected":false},"author":2,"featured_media":0,"parent":0,"menu_order":0,"comment_status":"closed","ping_status":"closed","template":"","meta":{"footnotes":""},"class_list":["post-51","page","type-page","status-publish","hentry"],"yoast_head":"<!-- This site is optimized with the Yoast SEO plugin v26.6 - https:\/\/yoast.com\/wordpress\/plugins\/seo\/ -->\n<title>Li\u00ean h\u1ec7 -<\/title>\n<meta name=\"robots\" content=\"index, follow, max-snippet:-1, max-image-preview:large, max-video-preview:-1\" \/>\n<link rel=\"canonical\" href=\"https:\/\/mainhacrs.com\/index.php\/lien-he\/\" \/>\n<meta property=\"og:locale\" content=\"vi_VN\" \/>\n<meta property=\"og:type\" content=\"article\" \/>\n<meta property=\"og:title\" content=\"Li\u00ean h\u1ec7 -\" \/>\n<meta property=\"og:description\" content=\"\u0110\u1ecba Ch\u1ec9: 15\/22 L\u00f4 T\u01b0, B\u00ecnh H\u01b0ng H\u00f2a A, B\u00ecnh T\u00e2n, H\u1ed3 Ch\u00ed Minh. S\u0110T:...\" \/>\n<meta property=\"og:url\" content=\"https:\/\/mainhacrs.com\/index.php\/lien-he\/\" \/>\n<meta property=\"article:publisher\" content=\"https:\/\/www.facebook.com\/crshome\" \/>\n<meta property=\"article:modified_time\" content=\"2025-11-15T03:16:24+00:00\" \/>\n<meta name=\"twitter:card\" content=\"summary_large_image\" \/>\n<meta name=\"twitter:label1\" content=\"\u01af\u1edbc t\u00ednh th\u1eddi gian \u0111\u1ecdc\" \/>\n\t<meta name=\"twitter:data1\" content=\"1 ph\u00fat\" \/>\n<script type=\"application\/ld+json\" class=\"yoast-schema-graph\">{\"@context\":\"https:\/\/schema.org\",\"@graph\":[{\"@type\":\"WebPage\",\"@id\":\"https:\/\/mainhacrs.com\/index.php\/lien-he\/\",\"url\":\"https:\/\/mainhacrs.com\/index.php\/lien-he\/\",\"name\":\"Li\u00ean h\u1ec7 -\",\"isPartOf\":{\"@id\":\"https:\/\/mainhacrs.com\/#website\"},\"datePublished\":\"2023-05-12T15:24:41+00:00\",\"dateModified\":\"2025-11-15T03:16:24+00:00\",\"breadcrumb\":{\"@id\":\"https:\/\/mainhacrs.com\/index.php\/lien-he\/#breadcrumb\"},\"inLanguage\":\"vi\",\"potentialAction\":[{\"@type\":\"ReadAction\",\"target\":[\"https:\/\/mainhacrs.com\/index.php\/lien-he\/\"]}]},{\"@type\":\"BreadcrumbList\",\"@id\":\"https:\/\/mainhacrs.com\/index.php\/lien-he\/#breadcrumb\",\"itemListElement\":[{\"@type\":\"ListItem\",\"position\":1,\"name\":\"Home\",\"item\":\"https:\/\/mainhacrs.com\/\"},{\"@type\":\"ListItem\",\"position\":2,\"name\":\"Li\u00ean h\u1ec7\"}]},{\"@type\":\"WebSite\",\"@id\":\"https:\/\/mainhacrs.com\/#website\",\"url\":\"https:\/\/mainhacrs.com\/\",\"name\":\"\",\"description\":\"\u0110\u1ecba ch\u1ec9: 15\/22 L\u00f4 T\u01b0, B\u00ecnh H\u01b0ng H\u00f2a A, B\u00ecnh T\u00e2n, H\u1ed3 Ch\u00ed Minh\",\"potentialAction\":[{\"@type\":\"SearchAction\",\"target\":{\"@type\":\"EntryPoint\",\"urlTemplate\":\"https:\/\/mainhacrs.com\/?s={search_term_string}\"},\"query-input\":{\"@type\":\"PropertyValueSpecification\",\"valueRequired\":true,\"valueName\":\"search_term_string\"}}],\"inLanguage\":\"vi\"}]}<\/script>\n<!-- \/ Yoast SEO plugin. -->","yoast_head_json":{"title":"Li\u00ean h\u1ec7 -","robots":{"index":"index","follow":"follow","max-snippet":"max-snippet:-1","max-image-preview":"max-image-preview:large","max-video-preview":"max-video-preview:-1"},"canonical":"https:\/\/mainhacrs.com\/index.php\/lien-he\/","og_locale":"vi_VN","og_type":"article","og_title":"Li\u00ean h\u1ec7 -","og_description":"\u0110\u1ecba Ch\u1ec9: 15\/22 L\u00f4 T\u01b0, B\u00ecnh H\u01b0ng H\u00f2a A, B\u00ecnh T\u00e2n, H\u1ed3 Ch\u00ed Minh. S\u0110T:...","og_url":"https:\/\/mainhacrs.com\/index.php\/lien-he\/","article_publisher":"https:\/\/www.facebook.com\/crshome","article_modified_time":"2025-11-15T03:16:24+00:00","twitter_card":"summary_large_image","twitter_misc":{"\u01af\u1edbc t\u00ednh th\u1eddi gian \u0111\u1ecdc":"1 ph\u00fat"},"schema":{"@context":"https:\/\/schema.org","@graph":[{"@type":"WebPage","@id":"https:\/\/mainhacrs.com\/index.php\/lien-he\/","url":"https:\/\/mainhacrs.com\/index.php\/lien-he\/","name":"Li\u00ean h\u1ec7 -","isPartOf":{"@id":"https:\/\/mainhacrs.com\/#website"},"datePublished":"2023-05-12T15:24:41+00:00","dateModified":"2025-11-15T03:16:24+00:00","breadcrumb":{"@id":"https:\/\/mainhacrs.com\/index.php\/lien-he\/#breadcrumb"},"inLanguage":"vi","potentialAction":[{"@type":"ReadAction","target":["https:\/\/mainhacrs.com\/index.php\/lien-he\/"]}]},{"@type":"BreadcrumbList","@id":"https:\/\/mainhacrs.com\/index.php\/lien-he\/#breadcrumb","itemListElement":[{"@type":"ListItem","position":1,"name":"Home","item":"https:\/\/mainhacrs.com\/"},{"@type":"ListItem","position":2,"name":"Li\u00ean h\u1ec7"}]},{"@type":"WebSite","@id":"https:\/\/mainhacrs.com\/#website","url":"https:\/\/mainhacrs.com\/","name":"","description":"\u0110\u1ecba ch\u1ec9: 15\/22 L\u00f4 T\u01b0, B\u00ecnh H\u01b0ng H\u00f2a A, B\u00ecnh T\u00e2n, H\u1ed3 Ch\u00ed Minh","potentialAction":[{"@type":"SearchAction","target":{"@type":"EntryPoint","urlTemplate":"https:\/\/mainhacrs.com\/?s={search_term_string}"},"query-input":{"@type":"PropertyValueSpecification","valueRequired":true,"valueName":"search_term_string"}}],"inLanguage":"vi"}]}},"_links":{"self":[{"href":"https:\/\/mainhacrs.com\/index.php\/wp-json\/wp\/v2\/pages\/51","targetHints":{"allow":["GET"]}}],"collection":[{"href":"https:\/\/mainhacrs.com\/index.php\/wp-json\/wp\/v2\/pages"}],"about":[{"href":"https:\/\/mainhacrs.com\/index.php\/wp-json\/wp\/v2\/types\/page"}],"author":[{"embeddable":true,"href":"https:\/\/mainhacrs.com\/index.php\/wp-json\/wp\/v2\/users\/2"}],"replies":[{"embeddable":true,"href":"https:\/\/mainhacrs.com\/index.php\/wp-json\/wp\/v2\/comments?post=51"}],"version-history":[{"count":10,"href":"https:\/\/mainhacrs.com\/index.php\/wp-json\/wp\/v2\/pages\/51\/revisions"}],"predecessor-version":[{"id":888,"href":"https:\/\/mainhacrs.com\/index.php\/wp-json\/wp\/v2\/pages\/51\/revisions\/888"}],"wp:attachment":[{"href":"https:\/\/mainhacrs.com\/index.php\/wp-json\/wp\/v2\/media?parent=51"}],"curies":[{"name":"wp","href":"https:\/\/api.w.org\/{rel}","templated":true}]}}